{"id":259,"date":"2025-02-20T10:21:11","date_gmt":"2025-02-20T10:21:11","guid":{"rendered":"https:\/\/www.sparf.com.tr\/?page_id=259"},"modified":"2025-02-21T21:30:50","modified_gmt":"2025-02-21T21:30:50","slug":"hakkimizda","status":"publish","type":"page","link":"https:\/\/www.sparf.com.tr\/en\/hakkimizda\/","title":{"rendered":"Hakk\u0131m\u0131zda"},"content":{"rendered":"<div data-elementor-type=\"wp-page\" data-elementor-id=\"259\" class=\"elementor elementor-259\" data-elementor-post-type=\"page\">\n\t\t\t\t<div data-particle_enable=\"false\" data-particle-mobile-disabled=\"false\" class=\"elementor-element elementor-element-f5fe347 e-flex e-con-boxed e-con e-parent\" data-id=\"f5fe347\" data-element_type=\"container\" data-e-type=\"container\" data-settings=\"{&quot;background_background&quot;:&quot;classic&quot;}\">\n\t\t\t\t\t<div class=\"e-con-inner\">\n\t\t\t\t<div class=\"elementor-element elementor-element-b2ab902 elementor-icon-list--layout-inline elementor-align-center elementor-list-item-link-full_width elementor-widget elementor-widget-icon-list\" data-id=\"b2ab902\" data-element_type=\"widget\" data-e-type=\"widget\" data-widget_type=\"icon-list.default\">\n\t\t\t\t<div class=\"elementor-widget-container\">\n\t\t\t\t\t\t\t<ul class=\"elementor-icon-list-items elementor-inline-items\">\n\t\t\t\t\t\t\t<li class=\"elementor-icon-list-item elementor-inline-item\">\n\t\t\t\t\t\t\t\t\t\t\t<a href=\"https:\/\/www.sparf.com.tr\/en\">\n\n\t\t\t\t\t\t\t\t\t\t\t<span class=\"elementor-icon-list-text\">Anasayfa<\/span>\n\t\t\t\t\t\t\t\t\t\t\t<\/a>\n\t\t\t\t\t\t\t\t\t<\/li>\n\t\t\t\t\t\t\t\t<li class=\"elementor-icon-list-item elementor-inline-item\">\n\t\t\t\t\t\t\t\t\t\t\t<span class=\"elementor-icon-list-icon\">\n\t\t\t\t\t\t\t<i aria-hidden=\"true\" class=\"feather feather-chevron-right\"><\/i>\t\t\t\t\t\t<\/span>\n\t\t\t\t\t\t\t\t\t\t<span class=\"elementor-icon-list-text\"><\/span>\n\t\t\t\t\t\t\t\t\t<\/li>\n\t\t\t\t\t\t<\/ul>\n\t\t\t\t\t\t<\/div>\n\t\t\t\t<\/div>\n\t\t\t\t\t<\/div>\n\t\t\t\t<\/div>\n\t\t<div data-particle_enable=\"false\" data-particle-mobile-disabled=\"false\" class=\"elementor-element elementor-element-8a472eb e-flex e-con-boxed e-con e-parent\" data-id=\"8a472eb\" data-element_type=\"container\" data-e-type=\"container\">\n\t\t\t\t\t<div class=\"e-con-inner\">\n\t\t<div data-particle_enable=\"false\" data-particle-mobile-disabled=\"false\" class=\"elementor-element elementor-element-8b5ac6a e-con-full e-flex e-con e-child\" data-id=\"8b5ac6a\" data-element_type=\"container\" data-e-type=\"container\" data-settings=\"{&quot;background_background&quot;:&quot;classic&quot;}\">\n\t\t<div data-particle_enable=\"false\" data-particle-mobile-disabled=\"false\" class=\"elementor-element elementor-element-bd94c50 e-con-full elementor-hidden-mobile e-flex e-con e-child\" data-id=\"bd94c50\" data-element_type=\"container\" data-e-type=\"container\" data-settings=\"{&quot;background_background&quot;:&quot;classic&quot;}\">\n\t\t\t\t<div class=\"elementor-element elementor-element-186ebe5 elementor-icon-list--layout-traditional elementor-list-item-link-full_width elementor-widget elementor-widget-icon-list\" data-id=\"186ebe5\" data-element_type=\"widget\" data-e-type=\"widget\" data-widget_type=\"icon-list.default\">\n\t\t\t\t<div class=\"elementor-widget-container\">\n\t\t\t\t\t\t\t<ul class=\"elementor-icon-list-items\">\n\t\t\t\t\t\t\t<li class=\"elementor-icon-list-item\">\n\t\t\t\t\t\t\t\t\t\t\t<span class=\"elementor-icon-list-icon\">\n\t\t\t\t\t\t\t<i aria-hidden=\"true\" class=\"feather feather-align-left\"><\/i>\t\t\t\t\t\t<\/span>\n\t\t\t\t\t\t\t\t\t\t<span class=\"elementor-icon-list-text\">Kurumsal Men\u00fc<\/span>\n\t\t\t\t\t\t\t\t\t<\/li>\n\t\t\t\t\t\t<\/ul>\n\t\t\t\t\t\t<\/div>\n\t\t\t\t<\/div>\n\t\t\t\t<div class=\"elementor-element elementor-element-0895455 elementor-align-start elementor-icon-list--layout-traditional elementor-list-item-link-full_width elementor-widget elementor-widget-icon-list\" data-id=\"0895455\" data-element_type=\"widget\" data-e-type=\"widget\" data-widget_type=\"icon-list.default\">\n\t\t\t\t<div class=\"elementor-widget-container\">\n\t\t\t\t\t\t\t<ul class=\"elementor-icon-list-items\">\n\t\t\t\t\t\t\t<li class=\"elementor-icon-list-item\">\n\t\t\t\t\t\t\t\t\t\t\t<a href=\"https:\/\/www.sparf.com.tr\/en\">\n\n\t\t\t\t\t\t\t\t\t\t\t\t<span class=\"elementor-icon-list-icon\">\n\t\t\t\t\t\t\t<i aria-hidden=\"true\" class=\"feather feather-home\"><\/i>\t\t\t\t\t\t<\/span>\n\t\t\t\t\t\t\t\t\t\t<span class=\"elementor-icon-list-text\">Anasayfa<\/span>\n\t\t\t\t\t\t\t\t\t\t\t<\/a>\n\t\t\t\t\t\t\t\t\t<\/li>\n\t\t\t\t\t\t\t\t<li class=\"elementor-icon-list-item\">\n\t\t\t\t\t\t\t\t\t\t\t<a href=\"https:\/\/www.sparf.com.tr\/en\/hakkimizda\/\">\n\n\t\t\t\t\t\t\t\t\t\t\t\t<span class=\"elementor-icon-list-icon\">\n\t\t\t\t\t\t\t<i aria-hidden=\"true\" class=\"feather feather-users\"><\/i>\t\t\t\t\t\t<\/span>\n\t\t\t\t\t\t\t\t\t\t<span class=\"elementor-icon-list-text\">Hakk\u0131m\u0131zda<\/span>\n\t\t\t\t\t\t\t\t\t\t\t<\/a>\n\t\t\t\t\t\t\t\t\t<\/li>\n\t\t\t\t\t\t\t\t<li class=\"elementor-icon-list-item\">\n\t\t\t\t\t\t\t\t\t\t\t<a href=\"https:\/\/www.sparf.com.tr\/en\/urunlerimiz\/\">\n\n\t\t\t\t\t\t\t\t\t\t\t\t<span class=\"elementor-icon-list-icon\">\n\t\t\t\t\t\t\t<i aria-hidden=\"true\" class=\"feather feather-shopping-bag\"><\/i>\t\t\t\t\t\t<\/span>\n\t\t\t\t\t\t\t\t\t\t<span class=\"elementor-icon-list-text\">\u00dcr\u00fcnlerimiz<\/span>\n\t\t\t\t\t\t\t\t\t\t\t<\/a>\n\t\t\t\t\t\t\t\t\t<\/li>\n\t\t\t\t\t\t\t\t<li class=\"elementor-icon-list-item\">\n\t\t\t\t\t\t\t\t\t\t\t<a href=\"https:\/\/www.sparf.com.tr\/en\/iletisim\/\">\n\n\t\t\t\t\t\t\t\t\t\t\t\t<span class=\"elementor-icon-list-icon\">\n\t\t\t\t\t\t\t<i aria-hidden=\"true\" class=\"feather feather-phone-call\"><\/i>\t\t\t\t\t\t<\/span>\n\t\t\t\t\t\t\t\t\t\t<span class=\"elementor-icon-list-text\">\u0130leti\u015fim<\/span>\n\t\t\t\t\t\t\t\t\t\t\t<\/a>\n\t\t\t\t\t\t\t\t\t<\/li>\n\t\t\t\t\t\t\t\t<li class=\"elementor-icon-list-item\">\n\t\t\t\t\t\t\t\t\t\t\t<a href=\"https:\/\/www.sparf.com.tr\/en\/gizlilik-politikasi\/\">\n\n\t\t\t\t\t\t\t\t\t\t\t\t<span class=\"elementor-icon-list-icon\">\n\t\t\t\t\t\t\t<i aria-hidden=\"true\" class=\"feather feather-file-text\"><\/i>\t\t\t\t\t\t<\/span>\n\t\t\t\t\t\t\t\t\t\t<span class=\"elementor-icon-list-text\">Gizlilik Politikas\u0131<\/span>\n\t\t\t\t\t\t\t\t\t\t\t<\/a>\n\t\t\t\t\t\t\t\t\t<\/li>\n\t\t\t\t\t\t\t\t<li class=\"elementor-icon-list-item\">\n\t\t\t\t\t\t\t\t\t\t\t<a href=\"https:\/\/www.sparf.com.tr\/en\/kullanim-kosullari\/\">\n\n\t\t\t\t\t\t\t\t\t\t\t\t<span class=\"elementor-icon-list-icon\">\n\t\t\t\t\t\t\t<i aria-hidden=\"true\" class=\"feather feather-file-text\"><\/i>\t\t\t\t\t\t<\/span>\n\t\t\t\t\t\t\t\t\t\t<span class=\"elementor-icon-list-text\">Kullan\u0131m Ko\u015fullar\u0131<\/span>\n\t\t\t\t\t\t\t\t\t\t\t<\/a>\n\t\t\t\t\t\t\t\t\t<\/li>\n\t\t\t\t\t\t\t\t<li class=\"elementor-icon-list-item\">\n\t\t\t\t\t\t\t\t\t\t\t<a href=\"https:\/\/www.sparf.com.tr\/en\/kvkk-aydinlatma-metni\/\">\n\n\t\t\t\t\t\t\t\t\t\t\t\t<span class=\"elementor-icon-list-icon\">\n\t\t\t\t\t\t\t<i aria-hidden=\"true\" class=\"feather feather-file-text\"><\/i>\t\t\t\t\t\t<\/span>\n\t\t\t\t\t\t\t\t\t\t<span class=\"elementor-icon-list-text\">KVKK Ayd\u0131nlatma Metni<\/span>\n\t\t\t\t\t\t\t\t\t\t\t<\/a>\n\t\t\t\t\t\t\t\t\t<\/li>\n\t\t\t\t\t\t\t\t<li class=\"elementor-icon-list-item\">\n\t\t\t\t\t\t\t\t\t\t\t<a href=\"https:\/\/www.sparf.com.tr\/en\/cerez-politikasi\/\">\n\n\t\t\t\t\t\t\t\t\t\t\t\t<span class=\"elementor-icon-list-icon\">\n\t\t\t\t\t\t\t<i aria-hidden=\"true\" class=\"feather feather-file-text\"><\/i>\t\t\t\t\t\t<\/span>\n\t\t\t\t\t\t\t\t\t\t<span class=\"elementor-icon-list-text\">\u00c7erez Politikas\u0131<\/span>\n\t\t\t\t\t\t\t\t\t\t\t<\/a>\n\t\t\t\t\t\t\t\t\t<\/li>\n\t\t\t\t\t\t<\/ul>\n\t\t\t\t\t\t<\/div>\n\t\t\t\t<\/div>\n\t\t\t\t<\/div>\n\t\t\t\t<\/div>\n\t\t<div data-particle_enable=\"false\" data-particle-mobile-disabled=\"false\" class=\"elementor-element elementor-element-b6f1589 e-con-full e-flex e-con e-child\" data-id=\"b6f1589\" data-element_type=\"container\" data-e-type=\"container\" data-settings=\"{&quot;background_background&quot;:&quot;classic&quot;}\">\n\t\t<div data-particle_enable=\"false\" data-particle-mobile-disabled=\"false\" class=\"elementor-element elementor-element-76eec16 e-con-full e-flex e-con e-child\" data-id=\"76eec16\" data-element_type=\"container\" data-e-type=\"container\" data-settings=\"{&quot;background_background&quot;:&quot;classic&quot;}\">\n\t\t\t\t<div class=\"elementor-element elementor-element-9e53eab elementor-widget elementor-widget-heading\" data-id=\"9e53eab\" data-element_type=\"widget\" data-e-type=\"widget\" data-widget_type=\"heading.default\">\n\t\t\t\t<div class=\"elementor-widget-container\">\n\t\t\t\t\t<h3 class=\"elementor-heading-title elementor-size-default\">Sparf Kimdir ?<\/h3>\t\t\t\t<\/div>\n\t\t\t\t<\/div>\n\t\t\t\t<div class=\"elementor-element elementor-element-853dfed elementor-widget elementor-widget-text-editor\" data-id=\"853dfed\" data-element_type=\"widget\" data-e-type=\"widget\" data-widget_type=\"text-editor.default\">\n\t\t\t\t<div class=\"elementor-widget-container\">\n\t\t\t\t\t\t\t\t\t<p data-start=\"16\" data-end=\"432\">Sparf, \u0130stanbul Merter\u2019de konumlanm\u0131\u015f, modern erkek giyiminde konforu, kaliteyi ve \u00f6zg\u00fcn tasar\u0131m\u0131 bir araya getiren yenilik\u00e7i bir markad\u0131r. Sadece toptan sat\u0131\u015f modeliyle \u00e7al\u0131\u015farak, butik ve perakendecilere trendleri yak\u0131ndan takip eden, zamans\u0131z ve kaliteli koleksiyonlar sunuyoruz. \u00d6zellikle Oversize kesimler, premium kuma\u015flar ve minimalist dokular ile g\u00fcnl\u00fck giyimde konfor ve \u015f\u0131kl\u0131\u011f\u0131 birle\u015ftiriyoruz.<\/p><p data-start=\"434\" data-end=\"945\">\u0130stanbul Merter\u2019in stratejik konumunda yer alan ekibimiz, moda d\u00fcnyas\u0131ndaki h\u0131zl\u0131 de\u011fi\u015fimleri yak\u0131ndan takip ederek \u00f6zg\u00fcn ve yenilik\u00e7i tasar\u0131mlar geli\u015ftirir. Her par\u00e7am\u0131z, modern stilin, rahat kal\u0131plar\u0131n ve premium kuma\u015flar\u0131n m\u00fckemmel birle\u015fimini yans\u0131t\u0131r. Ayr\u0131ca toptan fiyatlar\u0131m\u0131z\u0131n rekabet\u00e7i olmas\u0131, i\u015f ortaklar\u0131m\u0131za y\u00fcksek kaliteyi avantajl\u0131 ko\u015fullarla sunmam\u0131z\u0131 sa\u011flar. Bu sayede hem ma\u011fazalar\u0131n\u0131z\u0131n k\u00e2rl\u0131l\u0131\u011f\u0131n\u0131 art\u0131r\u0131r hem de son t\u00fcketiciye \u00e7abas\u0131z \u015f\u0131kl\u0131k anlay\u0131\u015f\u0131n\u0131 yans\u0131tan \u00fcr\u00fcnler ula\u015ft\u0131r\u0131r\u0131z.<\/p><p data-start=\"947\" data-end=\"1371\">\u00dcr\u00fcnlerimiz, \u015fehirli ve dinamik erkeklerin tarz\u0131na uyum sa\u011flayacak \u015fekilde tasarlan\u0131r; zengin renk paleti, zamans\u0131z modeller ve y\u00fcksek kalitede kuma\u015flar ile dikkat \u00e7eker. Amac\u0131m\u0131z yaln\u0131zca k\u0131yafet \u00fcretmek de\u011fil, bir ya\u015fam tarz\u0131 sunmakt\u0131r. Her sezon g\u00fcncel koleksiyonlar\u0131m\u0131zla sekt\u00f6re y\u00f6n vermeye devam ediyor, m\u00fc\u015fterilerimize diki\u015ften kal\u0131ba kadar \u00f6zenle haz\u0131rlanm\u0131\u015f tasar\u0131mlar sunmaktan gurur duyuyoruz.<\/p><p data-start=\"1373\" data-end=\"1580\" data-is-last-node=\"\" data-is-only-node=\"\">Sparf, toptan sat\u0131\u015fta uygun fiyatlarla premium kaliteyi bulu\u015fturarak, i\u015f ortaklar\u0131n\u0131n ve nihai t\u00fcketicinin memnuniyetini en \u00fcst d\u00fczeyde tutmay\u0131 hedefler. Sparf ile stilini yans\u0131t, fark\u0131n\u0131 ortaya koy!<\/p>\t\t\t\t\t\t\t\t<\/div>\n\t\t\t\t<\/div>\n\t\t\t\t<\/div>\n\t\t<div data-particle_enable=\"false\" data-particle-mobile-disabled=\"false\" class=\"elementor-element elementor-element-49618cc e-con-full e-flex e-con e-child\" data-id=\"49618cc\" data-element_type=\"container\" data-e-type=\"container\" data-settings=\"{&quot;background_background&quot;:&quot;classic&quot;}\">\n\t\t\t\t<div class=\"elementor-element elementor-element-205b9d1 elementor-widget elementor-widget-heading\" data-id=\"205b9d1\" data-element_type=\"widget\" data-e-type=\"widget\" data-widget_type=\"heading.default\">\n\t\t\t\t<div class=\"elementor-widget-container\">\n\t\t\t\t\t<h3 class=\"elementor-heading-title elementor-size-default\">Misyonumuz<\/h3>\t\t\t\t<\/div>\n\t\t\t\t<\/div>\n\t\t\t\t<div class=\"elementor-element elementor-element-d4220d7 elementor-widget elementor-widget-text-editor\" data-id=\"d4220d7\" data-element_type=\"widget\" data-e-type=\"widget\" data-widget_type=\"text-editor.default\">\n\t\t\t\t<div class=\"elementor-widget-container\">\n\t\t\t\t\t\t\t\t\t<p data-start=\"22\" data-end=\"375\">Sparf olarak misyonumuz, modern erkek giyiminde konfor, kalite ve \u00f6zg\u00fcn tasar\u0131m\u0131 bir araya getirerek, T\u00fcrkiye genelindeki ma\u011fazalara en iyi toptan sat\u0131\u015f deneyimini sunmakt\u0131r. G\u00fcnl\u00fck giyim modas\u0131nda oversize kesimler, premium kuma\u015flar ve zamans\u0131z tasar\u0131mlar ile fark yarat\u0131rken, ma\u011fazalar\u0131n rekabet g\u00fcc\u00fcn\u00fc art\u0131rmalar\u0131na katk\u0131da bulunuyoruz.<\/p><p data-start=\"377\" data-end=\"723\">\u0130stanbul Merter\u2019deki konumumuz sayesinde, h\u0131zl\u0131 \u00fcretim ve uygun toptan fiyat avantaj\u0131 sunarak i\u015f ortaklar\u0131m\u0131z\u0131n taleplerine h\u0131zl\u0131 yan\u0131t veriyoruz. Kaliteden \u00f6d\u00fcn vermeden eri\u015filebilir fiyatlarla ma\u011fazalara \u00f6zel koleksiyonlar haz\u0131rl\u0131yor, sekt\u00f6rdeki yenilikleri en iyi \u015fekilde takip ederek modern ve fonksiyonel tasar\u0131mlar \u00fcretiyoruz.<\/p><p data-start=\"725\" data-end=\"956\">Her m\u00fc\u015fterimize, y\u00fcksek kalite standartlar\u0131yla \u00fcretilmi\u015f, \u00e7abas\u0131z \u015f\u0131kl\u0131k sunan \u00fcr\u00fcnler sa\u011flamak en b\u00fcy\u00fck \u00f6nceli\u011fimizdir. Sadece bir giyim markas\u0131 de\u011fil, i\u015f ortaklar\u0131m\u0131z i\u00e7in g\u00fcvenilir bir \u00e7\u00f6z\u00fcm orta\u011f\u0131 olmay\u0131 hedefliyoruz.<\/p>\t\t\t\t\t\t\t\t<\/div>\n\t\t\t\t<\/div>\n\t\t\t\t<\/div>\n\t\t\t\t<\/div>\n\t\t\t\t\t<\/div>\n\t\t\t\t<\/div>\n\t\t\t\t<\/div>","protected":false},"excerpt":{"rendered":"<p>Anasayfa Kurumsal Men\u00fc Anasayfa Hakk\u0131m\u0131zda \u00dcr\u00fcnlerimiz \u0130leti\u015fim Gizlilik Politikas\u0131 Kullan\u0131m Ko\u015fullar\u0131 KVKK Ayd\u0131nlatma Metni \u00c7erez Politikas\u0131 Sparf Kimdir ? Sparf, \u0130stanbul Merter\u2019de konumlanm\u0131\u015f, modern erkek giyiminde konforu, kaliteyi ve \u00f6zg\u00fcn tasar\u0131m\u0131 bir araya getiren yenilik\u00e7i bir markad\u0131r. Sadece toptan sat\u0131\u015f modeliyle \u00e7al\u0131\u015farak, butik ve perakendecilere trendleri yak\u0131ndan takip eden, zamans\u0131z ve kaliteli koleksiyonlar sunuyoruz. \u00d6zellikle [&hellip;]<\/p>\n","protected":false},"author":1,"featured_media":0,"parent":0,"menu_order":0,"comment_status":"closed","ping_status":"closed","template":"","meta":{"_acf_changed":false,"footnotes":""},"class_list":["post-259","page","type-page","status-publish","hentry"],"acf":[],"_links":{"self":[{"href":"https:\/\/www.sparf.com.tr\/en\/wp-json\/wp\/v2\/pages\/259","targetHints":{"allow":["GET"]}}],"collection":[{"href":"https:\/\/www.sparf.com.tr\/en\/wp-json\/wp\/v2\/pages"}],"about":[{"href":"https:\/\/www.sparf.com.tr\/en\/wp-json\/wp\/v2\/types\/page"}],"author":[{"embeddable":true,"href":"https:\/\/www.sparf.com.tr\/en\/wp-json\/wp\/v2\/users\/1"}],"replies":[{"embeddable":true,"href":"https:\/\/www.sparf.com.tr\/en\/wp-json\/wp\/v2\/comments?post=259"}],"version-history":[{"count":55,"href":"https:\/\/www.sparf.com.tr\/en\/wp-json\/wp\/v2\/pages\/259\/revisions"}],"predecessor-version":[{"id":485,"href":"https:\/\/www.sparf.com.tr\/en\/wp-json\/wp\/v2\/pages\/259\/revisions\/485"}],"wp:attachment":[{"href":"https:\/\/www.sparf.com.tr\/en\/wp-json\/wp\/v2\/media?parent=259"}],"curies":[{"name":"wp","href":"https:\/\/api.w.org\/{rel}","templated":true}]}}